{"id":169,"date":"2024-08-12T08:41:39","date_gmt":"2024-08-12T08:41:39","guid":{"rendered":"https:\/\/mallorcasportsbar.es\/avis-legal\/"},"modified":"2024-08-12T09:16:24","modified_gmt":"2024-08-12T09:16:24","slug":"avis-legal","status":"publish","type":"page","link":"https:\/\/mallorcasportsbar.es\/ca\/avis-legal\/","title":{"rendered":"Av\u00eds legal"},"content":{"rendered":"\t\t<div data-elementor-type=\"wp-page\" data-elementor-id=\"169\" class=\"elementor elementor-169 elementor-152\" data-elementor-post-type=\"page\">\n\t\t\t\t<div class=\"elementor-element elementor-element-6dfb86b e-flex e-con-boxed e-con e-parent\" data-id=\"6dfb86b\" data-element_type=\"container\" data-e-type=\"container\">\n\t\t\t\t\t<div class=\"e-con-inner\">\n\t\t\t\t<div class=\"elementor-element elementor-element-521b4cd elementor-widget elementor-widget-text-editor\" data-id=\"521b4cd\" data-element_type=\"widget\" data-e-type=\"widget\" data-widget_type=\"text-editor.default\">\n\t\t\t\t<div class=\"elementor-widget-container\">\n\t\t\t\t\t\t\t\t\t<h2>1. T\u00edtular de la Web<\/h2>\n<p>Nom Comercial: Mallorca Sports Bar<br \/> Adre\u00e7a: Cam\u00ed dels reis s\/n &#8211; Estadi Mallorca Son Moix, 07011, Palma (Illes Balears)<br \/> Correu Electr\u00f2nic: sportsbar@rcdmallorca.es<\/p>\n<h2>2. Condicions d&#8217;\u00fas<\/h2>\n<p>L&#8217;acc\u00e9s i l&#8217;\u00fas d&#8217;aquest web atribueix la condici\u00f3 d&#8217;usuari, implicant la seva plena acceptaci\u00f3 i sense reserves de totes i cadascuna de les disposicions incloses en aquest Av\u00eds Legal, que poden patir modificacions.<\/p>\n<h2>3. Propietat intel\u00b7lectual i industrial<\/h2>\n<p>Tots els continguts de la web (textos, imatges, gr\u00e0fics, etc.) s\u00f3n propietat de Mallorca Sports Bar o de tercers que n&#8217;han autoritzat l&#8217;\u00fas. Queda prohibida la seva reproducci\u00f3, distribuci\u00f3, comunicaci\u00f3 p\u00fablica i transformaci\u00f3 sense lautoritzaci\u00f3 expressa dels titulars. <\/p>\n<h2>4. Responsabilitat<\/h2>\n<p>Mallorca Sports Bar no es fa responsable dels danys i perjudicis que puguin derivar-se de la utilitzaci\u00f3 de la informaci\u00f3 continguda a la web, aix\u00ed com de la disponibilitat i continu\u00eftat del funcionament de la web i dels seus serveis.<\/p>\n\t\t\t\t\t\t\t\t<\/div>\n\t\t\t\t<\/div>\n\t\t\t\t\t<\/div>\n\t\t\t\t<\/div>\n\t\t\t\t<\/div>\n\t\t","protected":false},"excerpt":{"rendered":"<p>1. T\u00edtular de la Web Nom Comercial: Mallorca Sports Bar Adre\u00e7a: Cam\u00ed dels reis s\/n &#8211; Estadi Mallorca Son Moix, 07011, Palma (Illes Balears) Correu Electr\u00f2nic: sportsbar@rcdmallorca.es 2. Condicions d&#8217;\u00fas L&#8217;acc\u00e9s i l&#8217;\u00fas d&#8217;aquest web atribueix la condici\u00f3 d&#8217;usuari, implicant la seva plena acceptaci\u00f3 i sense reserves de totes i cadascuna de les disposicions incloses [&hellip;]<\/p>\n","protected":false},"author":1,"featured_media":0,"parent":0,"menu_order":0,"comment_status":"closed","ping_status":"closed","template":"elementor_header_footer","meta":{"footnotes":""},"class_list":["post-169","page","type-page","status-publish","hentry"],"_links":{"self":[{"href":"https:\/\/mallorcasportsbar.es\/ca\/wp-json\/wp\/v2\/pages\/169","targetHints":{"allow":["GET"]}}],"collection":[{"href":"https:\/\/mallorcasportsbar.es\/ca\/wp-json\/wp\/v2\/pages"}],"about":[{"href":"https:\/\/mallorcasportsbar.es\/ca\/wp-json\/wp\/v2\/types\/page"}],"author":[{"embeddable":true,"href":"https:\/\/mallorcasportsbar.es\/ca\/wp-json\/wp\/v2\/users\/1"}],"replies":[{"embeddable":true,"href":"https:\/\/mallorcasportsbar.es\/ca\/wp-json\/wp\/v2\/comments?post=169"}],"version-history":[{"count":1,"href":"https:\/\/mallorcasportsbar.es\/ca\/wp-json\/wp\/v2\/pages\/169\/revisions"}],"predecessor-version":[{"id":170,"href":"https:\/\/mallorcasportsbar.es\/ca\/wp-json\/wp\/v2\/pages\/169\/revisions\/170"}],"wp:attachment":[{"href":"https:\/\/mallorcasportsbar.es\/ca\/wp-json\/wp\/v2\/media?parent=169"}],"curies":[{"name":"wp","href":"https:\/\/api.w.org\/{rel}","templated":true}]}}