{"id":201,"date":"2024-08-05T07:51:38","date_gmt":"2024-08-05T07:51:38","guid":{"rendered":"https:\/\/mallorcasportsbar.es\/politica-de-privadesa\/"},"modified":"2024-08-12T10:00:29","modified_gmt":"2024-08-12T10:00:29","slug":"politica-de-privadesa","status":"publish","type":"page","link":"https:\/\/mallorcasportsbar.es\/ca\/politica-de-privadesa\/","title":{"rendered":"Pol\u00edtica de privadesa"},"content":{"rendered":"\t\t<div data-elementor-type=\"wp-page\" data-elementor-id=\"201\" class=\"elementor elementor-201 elementor-3\" data-elementor-post-type=\"page\">\n\t\t\t\t<div class=\"elementor-element elementor-element-2af766a0 e-flex e-con-boxed e-con e-parent\" data-id=\"2af766a0\" data-element_type=\"container\" data-e-type=\"container\">\n\t\t\t\t\t<div class=\"e-con-inner\">\n\t\t\t\t<div class=\"elementor-element elementor-element-3c5d92e3 elementor-widget elementor-widget-text-editor\" data-id=\"3c5d92e3\" data-element_type=\"widget\" data-e-type=\"widget\" data-widget_type=\"text-editor.default\">\n\t\t\t\t<div class=\"elementor-widget-container\">\n\t\t\t\t\t\t\t\t\t<h2>1. Informaci\u00f3 a l&#8217;usuari<\/h2>\n<p>Mallorca Sports Bar [Reial Club Esportiu Mallorca, SA Esportiva], com a Responsable del Tractament, els informa que, segons el que disposa el Reglament (UE) 2016\/679, de 27 d&#8217;abril, (RGPD) ia la LO 3\/2018 , de 5 de desembre, de protecci\u00f3 de dades i garantia dels drets digitals (LOPDGDD), tractarem les vostres dades tal com reflectim en aquesta Pol\u00edtica de Privadesa.  <br>En aquesta Pol\u00edtica de Privadesa descrivim com recollim les vostres dades personals i per qu\u00e8 les recollim, qu\u00e8 fem amb elles, amb qui les compartim, com les protegim i les seves opcions pel que fa al tractament de les vostres dades personals.  <br>Aquesta Pol\u00edtica s&#8217;aplica al tractament de les vostres dades personals recollides per l&#8217;empresa per a la prestaci\u00f3 dels seus serveis. Si accepteu les mesures d&#8217;aquesta Pol\u00edtica, accepteu que tractem les vostres dades personals com es defineix en aquesta Pol\u00edtica. <\/p>\n<h2>2. Responsable del tractament<\/h2>\n<p>Identitat del Responsable: Mallorca Sports Bar [Real Club Esportiu Mallorca, SA Esportiva]<br> Adre\u00e7a: Cam\u00ed dels Reis s\/n &#8211; Estadi Mallorca Son Moix, 07011, Palma (Illes Balears)<br> Correu Electr\u00f2nic: sportsbar@rcdmallorca.es<\/p>\n<h2>3. Informaci\u00f3 que recopilem<\/h2>\n<p>Recopilem i tractem les dades personals seg\u00fcents:<br> Dades d&#8217;identificaci\u00f3 (nom, cognoms)<br> Informaci\u00f3 de contacte (correu electr\u00f2nic, n\u00famero de tel\u00e8fon)<br> Dades de la reserva (data, hora, nombre de persones)<br> Dades de navegaci\u00f3 (adre\u00e7a IP, ubicaci\u00f3, dispositiu)<\/p>\n<h2>4. Finalitat del tractament<\/h2>\n<p>Gestionar les reserves realitzades a trav\u00e9s de la web.<br> Enviar comunicacions informatives i comercials relacionades amb els nostres serveis, sempre amb el vostre consentiment.<br> Millorar lexperi\u00e8ncia dusuari i els nostres serveis mitjan\u00e7ant lan\u00e0lisi de les dades de navegaci\u00f3.<\/p>\n<h2>5. Legitimaci\u00f3 del tractament<\/h2>\n<p>El tractament de les vostres dades personals es basa en:<br> Lexecuci\u00f3 dun contracte per a la gesti\u00f3 de reserves.<br> El consentiment de linteressat per a la tramesa de comunicacions comercials.<br> Linter\u00e8s leg\u00edtim de millorar els nostres serveis.<\/p>\n<h2>6. Destinataris de les dades<\/h2>\n<p>El tractament de les vostres dades personals es basa en:<br> Lexecuci\u00f3 dun contracte per a la gesti\u00f3 de reserves.<br> El consentiment de linteressat per a la tramesa de comunicacions comercials.<br> Linter\u00e8s leg\u00edtim de millorar els nostres serveis.<\/p>\n<h2>7. Drets de linteressat<\/h2>\n<p>T\u00e9 dret a:<br> Accedir a les vostres dades personals.<br> Rectificar les dades inexactes o incomplets.<br> Sol\u00b7licitar la supressi\u00f3 de les vostres dades quan, entre altres motius, ja no siguin necess\u00e0ries per als fins que van ser recollits.<br> Oposar-se al tractament de les vostres dades personals.<br> Sol\u00b7licitar la limitaci\u00f3 del tractament de les vostres dades en determinades circumst\u00e0ncies.<br> Sol\u00b7licitar la portabilitat de les vostres dades.<br> Per exercir aquests drets, podeu contactar amb nosaltres a trav\u00e9s del correu electr\u00f2nic sportsbar@rcdmallorca.es.<\/p>\n<h2>8. Mesures de seguretat<\/h2>\n<p>Hem adoptat les mesures de seguretat t\u00e8cniques i organitzatives necess\u00e0ries per garantir la seguretat de les dades personals i evitar la seva alteraci\u00f3, p\u00e8rdua, tractament o acc\u00e9s no autoritzat.<\/p>\t\t\t\t\t\t\t\t<\/div>\n\t\t\t\t<\/div>\n\t\t\t\t\t<\/div>\n\t\t\t\t<\/div>\n\t\t\t\t<\/div>\n\t\t","protected":false},"excerpt":{"rendered":"<p>1. Informaci\u00f3 a l&#8217;usuari Mallorca Sports Bar [Reial Club Esportiu Mallorca, SA Esportiva], com a Responsable del Tractament, els informa que, segons el que disposa el Reglament (UE) 2016\/679, de 27 d&#8217;abril, (RGPD) ia la LO 3\/2018 , de 5 de desembre, de protecci\u00f3 de dades i garantia dels drets digitals (LOPDGDD), tractarem les vostres [&hellip;]<\/p>\n","protected":false},"author":1,"featured_media":0,"parent":0,"menu_order":0,"comment_status":"closed","ping_status":"open","template":"elementor_header_footer","meta":{"footnotes":""},"class_list":["post-201","page","type-page","status-publish","hentry"],"_links":{"self":[{"href":"https:\/\/mallorcasportsbar.es\/ca\/wp-json\/wp\/v2\/pages\/201","targetHints":{"allow":["GET"]}}],"collection":[{"href":"https:\/\/mallorcasportsbar.es\/ca\/wp-json\/wp\/v2\/pages"}],"about":[{"href":"https:\/\/mallorcasportsbar.es\/ca\/wp-json\/wp\/v2\/types\/page"}],"author":[{"embeddable":true,"href":"https:\/\/mallorcasportsbar.es\/ca\/wp-json\/wp\/v2\/users\/1"}],"replies":[{"embeddable":true,"href":"https:\/\/mallorcasportsbar.es\/ca\/wp-json\/wp\/v2\/comments?post=201"}],"version-history":[{"count":1,"href":"https:\/\/mallorcasportsbar.es\/ca\/wp-json\/wp\/v2\/pages\/201\/revisions"}],"predecessor-version":[{"id":204,"href":"https:\/\/mallorcasportsbar.es\/ca\/wp-json\/wp\/v2\/pages\/201\/revisions\/204"}],"wp:attachment":[{"href":"https:\/\/mallorcasportsbar.es\/ca\/wp-json\/wp\/v2\/media?parent=201"}],"curies":[{"name":"wp","href":"https:\/\/api.w.org\/{rel}","templated":true}]}}