{"id":173,"date":"2024-08-05T07:51:38","date_gmt":"2024-08-05T07:51:38","guid":{"rendered":"https:\/\/mallorcasportsbar.es\/datenschutzbestimmungen\/"},"modified":"2024-08-12T09:16:25","modified_gmt":"2024-08-12T09:16:25","slug":"datenschutzbestimmungen","status":"publish","type":"page","link":"https:\/\/mallorcasportsbar.es\/de\/datenschutzbestimmungen\/","title":{"rendered":"Datenschutzbestimmungen"},"content":{"rendered":"\t\t<div data-elementor-type=\"wp-page\" data-elementor-id=\"173\" class=\"elementor elementor-173 elementor-3\" data-elementor-post-type=\"page\">\n\t\t\t\t<div class=\"elementor-element elementor-element-2af766a0 e-flex e-con-boxed e-con e-parent\" data-id=\"2af766a0\" data-element_type=\"container\" data-e-type=\"container\">\n\t\t\t\t\t<div class=\"e-con-inner\">\n\t\t\t\t<div class=\"elementor-element elementor-element-3c5d92e3 elementor-widget elementor-widget-text-editor\" data-id=\"3c5d92e3\" data-element_type=\"widget\" data-e-type=\"widget\" data-widget_type=\"text-editor.default\">\n\t\t\t\t<div class=\"elementor-widget-container\">\n\t\t\t\t\t\t\t\t\t<h2>1. die Benutzerinformationen<\/h2>\n<p>Mallorca Sports Bar [Real Club Deportivo Mallorca, SA Deportiva], als f\u00fcr die Datenverarbeitung Verantwortlicher, informiert Sie, dass wir Ihre Daten gem\u00e4\u00df den Bestimmungen der Verordnung (EU) 2016\/679 vom 27. April (RGPD) und der Verordnung L.O. 3\/2018 vom 5. Dezember \u00fcber den Datenschutz und die Gew\u00e4hrleistung digitaler Rechte (LOPDGDD) wie in dieser Datenschutzerkl\u00e4rung beschrieben behandeln werden.  <br>In dieser Datenschutzerkl\u00e4rung beschreiben wir, wie wir Ihre personenbezogenen Daten erfassen und warum wir sie erfassen, was wir damit tun, an wen wir sie weitergeben, wie wir sie sch\u00fctzen und welche M\u00f6glichkeiten Sie haben, wenn es um die Verarbeitung Ihrer personenbezogenen Daten geht.  <br>Diese Richtlinie gilt f\u00fcr die Verarbeitung Ihrer pers\u00f6nlichen Daten, die das Unternehmen f\u00fcr die Erbringung seiner Dienstleistungen erfasst.\nWenn Sie die Ma\u00dfnahmen in dieser Richtlinie akzeptieren, stimmen Sie unserer Verarbeitung Ihrer personenbezogenen Daten wie in dieser Richtlinie definiert zu. <\/p>\n<h2>2. der f\u00fcr die Datenverarbeitung Verantwortliche<\/h2>\n<p><br><br>Identit\u00e4t des Verantwortlichen: Mallorca Sports Bar [Real Club Deportivo Mallorca, SA Deportiva] Adresse: Cam\u00ed dels Reis s\/n &#8211; Estadi Mallorca Son Moix, 07011, Palma (Illes Balears) E-mail: sportsbar@rcdmallorca.es<\/p>\n<h2>3. Informationen, die wir sammeln<\/h2>\n<p><br><br><br><br>Wir erfassen und verarbeiten folgende personenbezogene Daten: Identifikationsdaten (Vorname, Nachname) Kontaktinformationen (E-Mail, Telefonnummer) Buchungsdaten (Datum, Uhrzeit, Anzahl der Personen) Browsingdaten (IP-Adresse, Standort, Ger\u00e4t)<\/p>\n<h2>4. Zweck der Verarbeitung<\/h2>\n<p><br><br>Zur Verwaltung von Buchungen, die \u00fcber die Website get\u00e4tigt wurden. Zum Versenden von Informations- und Werbemitteilungen \u00fcber unsere Dienstleistungen, immer mit Ihrer Zustimmung. Zur Verbesserung der Benutzererfahrung und unserer Dienstleistungen durch die Analyse von Browsing-Daten.<\/p>\n<h2>5. Legitimation der Verarbeitung<\/h2>\n<p><br><br><br>Die Verarbeitung Ihrer personenbezogenen Daten basiert auf: der Erf\u00fcllung eines Vertrags \u00fcber die Verwaltung von Buchungen. der Zustimmung der betroffenen Person f\u00fcr die Zusendung von kommerziellen Mitteilungen. dem berechtigten Interesse, unsere Dienstleistungen zu verbessern.<\/p>\n<h2>6. Empf\u00e4nger der Daten<\/h2>\n<p><br><br><br>Die Verarbeitung Ihrer personenbezogenen Daten basiert auf: der Erf\u00fcllung eines Vertrags \u00fcber die Verwaltung von Buchungen. der Zustimmung der betroffenen Person f\u00fcr die Zusendung von kommerziellen Mitteilungen. dem berechtigten Interesse, unsere Dienstleistungen zu verbessern.<\/p>\n<h2>7. Rechte der betroffenen Person<\/h2>\n<p><br><br><br><br><br><br><br>Sie haben das Recht auf: Zugang zu Ihren personenbezogenen Daten. Berichtigung unrichtiger oder unvollst\u00e4ndiger Daten. Antrag auf L\u00f6schung Ihrer Daten, wenn diese unter anderem f\u00fcr die Zwecke, f\u00fcr die sie erhoben wurden, nicht mehr erforderlich sind. Widerspruch gegen die Verarbeitung Ihrer personenbezogenen Daten. Antrag auf Einschr\u00e4nkung der Verarbeitung Ihrer Daten unter bestimmten Umst\u00e4nden. Antrag auf \u00dcbertragbarkeit Ihrer Daten. Um diese Rechte auszu\u00fcben, k\u00f6nnen Sie uns per E-Mail unter sportsbar@rcdmallorca.es kontaktieren.<\/p>\n<h2>8. Sicherheitsma\u00dfnahmen<\/h2>\n<p>Wir haben die notwendigen technischen und organisatorischen Sicherheitsma\u00dfnahmen getroffen, um die Sicherheit Ihrer personenbezogenen Daten zu gew\u00e4hrleisten und deren \u00c4nderung, Verlust, unbefugte Verarbeitung oder Zugriff zu verhindern.<\/p>\t\t\t\t\t\t\t\t<\/div>\n\t\t\t\t<\/div>\n\t\t\t\t\t<\/div>\n\t\t\t\t<\/div>\n\t\t\t\t<\/div>\n\t\t","protected":false},"excerpt":{"rendered":"<p>1. die Benutzerinformationen Mallorca Sports Bar [Real Club Deportivo Mallorca, SA Deportiva], als f\u00fcr die Datenverarbeitung Verantwortlicher, informiert Sie, dass wir Ihre Daten gem\u00e4\u00df den Bestimmungen der Verordnung (EU) 2016\/679 vom 27. April (RGPD) und der Verordnung L.O. 3\/2018 vom 5. Dezember \u00fcber den Datenschutz und die Gew\u00e4hrleistung digitaler Rechte (LOPDGDD) wie in dieser Datenschutzerkl\u00e4rung [&hellip;]<\/p>\n","protected":false},"author":1,"featured_media":0,"parent":0,"menu_order":0,"comment_status":"closed","ping_status":"open","template":"elementor_header_footer","meta":{"footnotes":""},"class_list":["post-173","page","type-page","status-publish","hentry"],"_links":{"self":[{"href":"https:\/\/mallorcasportsbar.es\/de\/wp-json\/wp\/v2\/pages\/173","targetHints":{"allow":["GET"]}}],"collection":[{"href":"https:\/\/mallorcasportsbar.es\/de\/wp-json\/wp\/v2\/pages"}],"about":[{"href":"https:\/\/mallorcasportsbar.es\/de\/wp-json\/wp\/v2\/types\/page"}],"author":[{"embeddable":true,"href":"https:\/\/mallorcasportsbar.es\/de\/wp-json\/wp\/v2\/users\/1"}],"replies":[{"embeddable":true,"href":"https:\/\/mallorcasportsbar.es\/de\/wp-json\/wp\/v2\/comments?post=173"}],"version-history":[{"count":1,"href":"https:\/\/mallorcasportsbar.es\/de\/wp-json\/wp\/v2\/pages\/173\/revisions"}],"predecessor-version":[{"id":174,"href":"https:\/\/mallorcasportsbar.es\/de\/wp-json\/wp\/v2\/pages\/173\/revisions\/174"}],"wp:attachment":[{"href":"https:\/\/mallorcasportsbar.es\/de\/wp-json\/wp\/v2\/media?parent=173"}],"curies":[{"name":"wp","href":"https:\/\/api.w.org\/{rel}","templated":true}]}}